{"id":71,"date":"2025-08-17T16:47:48","date_gmt":"2025-08-17T16:47:48","guid":{"rendered":"http:\/\/legendes-de-nice.com\/?page_id=71"},"modified":"2025-08-17T16:47:48","modified_gmt":"2025-08-17T16:47:48","slug":"71-2","status":"publish","type":"page","link":"https:\/\/legendes-de-nice.com\/index.php\/71-2\/","title":{"rendered":""},"content":{"rendered":"\n<figure class=\"wp-block-image alignwide size-full\"><img loading=\"lazy\" decoding=\"async\" width=\"1811\" height=\"2560\" src=\"http:\/\/legendes-de-nice.com\/wp-content\/uploads\/2025\/08\/Sans-titre-2-01-scaled.png\" alt=\"\" class=\"wp-image-72\" srcset=\"https:\/\/legendes-de-nice.com\/wp-content\/uploads\/2025\/08\/Sans-titre-2-01-scaled.png 1811w, https:\/\/legendes-de-nice.com\/wp-content\/uploads\/2025\/08\/Sans-titre-2-01-212x300.png 212w, https:\/\/legendes-de-nice.com\/wp-content\/uploads\/2025\/08\/Sans-titre-2-01-724x1024.png 724w, https:\/\/legendes-de-nice.com\/wp-content\/uploads\/2025\/08\/Sans-titre-2-01-768x1086.png 768w, https:\/\/legendes-de-nice.com\/wp-content\/uploads\/2025\/08\/Sans-titre-2-01-1086x1536.png 1086w, https:\/\/legendes-de-nice.com\/wp-content\/uploads\/2025\/08\/Sans-titre-2-01-1448x2048.png 1448w\" sizes=\"auto, (max-width: 1811px) 100vw, 1811px\" \/><\/figure>\n\n\n\n<figure class=\"wp-block-image alignwide size-full\"><img loading=\"lazy\" decoding=\"async\" width=\"1811\" height=\"2560\" src=\"http:\/\/legendes-de-nice.com\/wp-content\/uploads\/2025\/08\/Sans-titre-2-02-scaled.png\" alt=\"\" class=\"wp-image-73\" srcset=\"https:\/\/legendes-de-nice.com\/wp-content\/uploads\/2025\/08\/Sans-titre-2-02-scaled.png 1811w, https:\/\/legendes-de-nice.com\/wp-content\/uploads\/2025\/08\/Sans-titre-2-02-212x300.png 212w, https:\/\/legendes-de-nice.com\/wp-content\/uploads\/2025\/08\/Sans-titre-2-02-724x1024.png 724w, https:\/\/legendes-de-nice.com\/wp-content\/uploads\/2025\/08\/Sans-titre-2-02-768x1086.png 768w, https:\/\/legendes-de-nice.com\/wp-content\/uploads\/2025\/08\/Sans-titre-2-02-1086x1536.png 1086w, https:\/\/legendes-de-nice.com\/wp-content\/uploads\/2025\/08\/Sans-titre-2-02-1448x2048.png 1448w\" sizes=\"auto, (max-width: 1811px) 100vw, 1811px\" \/><\/figure>\n\n\n\n<figure class=\"wp-block-image alignwide size-full\"><img loading=\"lazy\" decoding=\"async\" width=\"1811\" height=\"2560\" src=\"http:\/\/legendes-de-nice.com\/wp-content\/uploads\/2025\/08\/Sans-titre-2-03-scaled.png\" alt=\"\" class=\"wp-image-74\" srcset=\"https:\/\/legendes-de-nice.com\/wp-content\/uploads\/2025\/08\/Sans-titre-2-03-scaled.png 1811w, https:\/\/legendes-de-nice.com\/wp-content\/uploads\/2025\/08\/Sans-titre-2-03-212x300.png 212w, https:\/\/legendes-de-nice.com\/wp-content\/uploads\/2025\/08\/Sans-titre-2-03-724x1024.png 724w, https:\/\/legendes-de-nice.com\/wp-content\/uploads\/2025\/08\/Sans-titre-2-03-768x1086.png 768w, https:\/\/legendes-de-nice.com\/wp-content\/uploads\/2025\/08\/Sans-titre-2-03-1086x1536.png 1086w, https:\/\/legendes-de-nice.com\/wp-content\/uploads\/2025\/08\/Sans-titre-2-03-1448x2048.png 1448w\" sizes=\"auto, (max-width: 1811px) 100vw, 1811px\" \/><\/figure>\n\n\n\n<figure class=\"wp-block-image alignwide size-full\"><img loading=\"lazy\" decoding=\"async\" width=\"1811\" height=\"2560\" src=\"http:\/\/legendes-de-nice.com\/wp-content\/uploads\/2025\/08\/Sans-titre-2-04-scaled.png\" alt=\"\" class=\"wp-image-75\" srcset=\"https:\/\/legendes-de-nice.com\/wp-content\/uploads\/2025\/08\/Sans-titre-2-04-scaled.png 1811w, https:\/\/legendes-de-nice.com\/wp-content\/uploads\/2025\/08\/Sans-titre-2-04-212x300.png 212w, https:\/\/legendes-de-nice.com\/wp-content\/uploads\/2025\/08\/Sans-titre-2-04-724x1024.png 724w, https:\/\/legendes-de-nice.com\/wp-content\/uploads\/2025\/08\/Sans-titre-2-04-768x1086.png 768w, https:\/\/legendes-de-nice.com\/wp-content\/uploads\/2025\/08\/Sans-titre-2-04-1086x1536.png 1086w, https:\/\/legendes-de-nice.com\/wp-content\/uploads\/2025\/08\/Sans-titre-2-04-1448x2048.png 1448w\" sizes=\"auto, (max-width: 1811px) 100vw, 1811px\" \/><\/figure>\n\n\n\n<figure class=\"wp-block-image alignwide size-full\"><img loading=\"lazy\" decoding=\"async\" width=\"1811\" height=\"2560\" src=\"http:\/\/legendes-de-nice.com\/wp-content\/uploads\/2025\/08\/Sans-titre-2-05-scaled.png\" alt=\"\" class=\"wp-image-76\" srcset=\"https:\/\/legendes-de-nice.com\/wp-content\/uploads\/2025\/08\/Sans-titre-2-05-scaled.png 1811w, https:\/\/legendes-de-nice.com\/wp-content\/uploads\/2025\/08\/Sans-titre-2-05-212x300.png 212w, https:\/\/legendes-de-nice.com\/wp-content\/uploads\/2025\/08\/Sans-titre-2-05-724x1024.png 724w, https:\/\/legendes-de-nice.com\/wp-content\/uploads\/2025\/08\/Sans-titre-2-05-768x1086.png 768w, https:\/\/legendes-de-nice.com\/wp-content\/uploads\/2025\/08\/Sans-titre-2-05-1086x1536.png 1086w, https:\/\/legendes-de-nice.com\/wp-content\/uploads\/2025\/08\/Sans-titre-2-05-1448x2048.png 1448w\" sizes=\"auto, (max-width: 1811px) 100vw, 1811px\" \/><\/figure>\n\n\n\n<figure class=\"wp-block-image alignwide size-full\"><img loading=\"lazy\" decoding=\"async\" width=\"1811\" height=\"2560\" src=\"http:\/\/legendes-de-nice.com\/wp-content\/uploads\/2025\/08\/Sans-titre-2-06-scaled.png\" alt=\"\" class=\"wp-image-77\" srcset=\"https:\/\/legendes-de-nice.com\/wp-content\/uploads\/2025\/08\/Sans-titre-2-06-scaled.png 1811w, https:\/\/legendes-de-nice.com\/wp-content\/uploads\/2025\/08\/Sans-titre-2-06-212x300.png 212w, https:\/\/legendes-de-nice.com\/wp-content\/uploads\/2025\/08\/Sans-titre-2-06-724x1024.png 724w, https:\/\/legendes-de-nice.com\/wp-content\/uploads\/2025\/08\/Sans-titre-2-06-768x1086.png 768w, https:\/\/legendes-de-nice.com\/wp-content\/uploads\/2025\/08\/Sans-titre-2-06-1086x1536.png 1086w, https:\/\/legendes-de-nice.com\/wp-content\/uploads\/2025\/08\/Sans-titre-2-06-1448x2048.png 1448w\" sizes=\"auto, (max-width: 1811px) 100vw, 1811px\" \/><\/figure>\n\n\n\n<figure class=\"wp-block-image alignwide size-full\"><img loading=\"lazy\" decoding=\"async\" width=\"1811\" height=\"2560\" src=\"http:\/\/legendes-de-nice.com\/wp-content\/uploads\/2025\/08\/Sans-titre-2-07-scaled.png\" alt=\"\" class=\"wp-image-78\" srcset=\"https:\/\/legendes-de-nice.com\/wp-content\/uploads\/2025\/08\/Sans-titre-2-07-scaled.png 1811w, https:\/\/legendes-de-nice.com\/wp-content\/uploads\/2025\/08\/Sans-titre-2-07-212x300.png 212w, https:\/\/legendes-de-nice.com\/wp-content\/uploads\/2025\/08\/Sans-titre-2-07-724x1024.png 724w, https:\/\/legendes-de-nice.com\/wp-content\/uploads\/2025\/08\/Sans-titre-2-07-768x1086.png 768w, https:\/\/legendes-de-nice.com\/wp-content\/uploads\/2025\/08\/Sans-titre-2-07-1086x1536.png 1086w, https:\/\/legendes-de-nice.com\/wp-content\/uploads\/2025\/08\/Sans-titre-2-07-1448x2048.png 1448w\" sizes=\"auto, (max-width: 1811px) 100vw, 1811px\" \/><\/figure>\n","protected":false},"excerpt":{"rendered":"","protected":false},"author":1,"featured_media":0,"parent":0,"menu_order":0,"comment_status":"closed","ping_status":"closed","template":"","meta":{"footnotes":""},"class_list":["post-71","page","type-page","status-publish","hentry"],"yoast_head":"<!-- This site is optimized with the Yoast SEO plugin v25.7 - https:\/\/yoast.com\/wordpress\/plugins\/seo\/ -->\n<title>-<\/title>\n<meta name=\"description\" content=\"L\u00e9gendes de Nice, Concours d&#039;\u00e9l\u00e9gance automobile,\" \/>\n<meta name=\"robots\" content=\"index, follow, max-snippet:-1, max-image-preview:large, max-video-preview:-1\" \/>\n<link rel=\"canonical\" href=\"https:\/\/legendes-de-nice.com\/index.php\/71-2\/\" \/>\n<meta property=\"og:locale\" content=\"fr_FR\" \/>\n<meta property=\"og:type\" content=\"article\" \/>\n<meta property=\"og:title\" content=\"-\" \/>\n<meta property=\"og:description\" content=\"L\u00e9gendes de Nice, Concours d&#039;\u00e9l\u00e9gance automobile,\" \/>\n<meta property=\"og:url\" content=\"https:\/\/legendes-de-nice.com\/index.php\/71-2\/\" \/>\n<meta property=\"og:image\" content=\"https:\/\/legendes-de-nice.com\/wp-content\/uploads\/2025\/08\/Sans-titre-2-01-scaled.png\" \/>\n\t<meta property=\"og:image:width\" content=\"1811\" \/>\n\t<meta property=\"og:image:height\" content=\"2560\" \/>\n\t<meta property=\"og:image:type\" content=\"image\/png\" \/>\n<meta name=\"twitter:card\" content=\"summary_large_image\" \/>\n<script type=\"application\/ld+json\" class=\"yoast-schema-graph\">{\"@context\":\"https:\/\/schema.org\",\"@graph\":[{\"@type\":\"WebPage\",\"@id\":\"https:\/\/legendes-de-nice.com\/index.php\/71-2\/\",\"url\":\"https:\/\/legendes-de-nice.com\/index.php\/71-2\/\",\"name\":\"-\",\"isPartOf\":{\"@id\":\"https:\/\/legendes-de-nice.com\/#website\"},\"primaryImageOfPage\":{\"@id\":\"https:\/\/legendes-de-nice.com\/index.php\/71-2\/#primaryimage\"},\"image\":{\"@id\":\"https:\/\/legendes-de-nice.com\/index.php\/71-2\/#primaryimage\"},\"thumbnailUrl\":\"http:\/\/legendes-de-nice.com\/wp-content\/uploads\/2025\/08\/Sans-titre-2-01-scaled.png\",\"datePublished\":\"2025-08-17T16:47:48+00:00\",\"description\":\"L\u00e9gendes de Nice, Concours d'\u00e9l\u00e9gance automobile,\",\"inLanguage\":\"fr-FR\",\"potentialAction\":[{\"@type\":\"ReadAction\",\"target\":[\"https:\/\/legendes-de-nice.com\/index.php\/71-2\/\"]}]},{\"@type\":\"ImageObject\",\"inLanguage\":\"fr-FR\",\"@id\":\"https:\/\/legendes-de-nice.com\/index.php\/71-2\/#primaryimage\",\"url\":\"https:\/\/legendes-de-nice.com\/wp-content\/uploads\/2025\/08\/Sans-titre-2-01-scaled.png\",\"contentUrl\":\"https:\/\/legendes-de-nice.com\/wp-content\/uploads\/2025\/08\/Sans-titre-2-01-scaled.png\",\"width\":1811,\"height\":2560},{\"@type\":\"WebSite\",\"@id\":\"https:\/\/legendes-de-nice.com\/#website\",\"url\":\"https:\/\/legendes-de-nice.com\/\",\"name\":\"Legendes de Nice\",\"description\":\"\",\"publisher\":{\"@id\":\"https:\/\/legendes-de-nice.com\/#organization\"},\"potentialAction\":[{\"@type\":\"SearchAction\",\"target\":{\"@type\":\"EntryPoint\",\"urlTemplate\":\"https:\/\/legendes-de-nice.com\/?s={search_term_string}\"},\"query-input\":{\"@type\":\"PropertyValueSpecification\",\"valueRequired\":true,\"valueName\":\"search_term_string\"}}],\"inLanguage\":\"fr-FR\"},{\"@type\":\"Organization\",\"@id\":\"https:\/\/legendes-de-nice.com\/#organization\",\"name\":\"Legendes de Nice\",\"url\":\"https:\/\/legendes-de-nice.com\/\",\"logo\":{\"@type\":\"ImageObject\",\"inLanguage\":\"fr-FR\",\"@id\":\"https:\/\/legendes-de-nice.com\/#\/schema\/logo\/image\/\",\"url\":\"https:\/\/legendes-de-nice.com\/wp-content\/uploads\/2025\/08\/LEGENDES.png\",\"contentUrl\":\"https:\/\/legendes-de-nice.com\/wp-content\/uploads\/2025\/08\/LEGENDES.png\",\"width\":743,\"height\":766,\"caption\":\"Legendes de Nice\"},\"image\":{\"@id\":\"https:\/\/legendes-de-nice.com\/#\/schema\/logo\/image\/\"},\"sameAs\":[\"https:\/\/www.instagram.com\/legendesdenice\/\"]}]}<\/script>\n<!-- \/ Yoast SEO plugin. -->","yoast_head_json":{"title":"-","description":"L\u00e9gendes de Nice, Concours d'\u00e9l\u00e9gance automobile,","robots":{"index":"index","follow":"follow","max-snippet":"max-snippet:-1","max-image-preview":"max-image-preview:large","max-video-preview":"max-video-preview:-1"},"canonical":"https:\/\/legendes-de-nice.com\/index.php\/71-2\/","og_locale":"fr_FR","og_type":"article","og_title":"-","og_description":"L\u00e9gendes de Nice, Concours d'\u00e9l\u00e9gance automobile,","og_url":"https:\/\/legendes-de-nice.com\/index.php\/71-2\/","og_image":[{"width":1811,"height":2560,"url":"https:\/\/legendes-de-nice.com\/wp-content\/uploads\/2025\/08\/Sans-titre-2-01-scaled.png","type":"image\/png"}],"twitter_card":"summary_large_image","schema":{"@context":"https:\/\/schema.org","@graph":[{"@type":"WebPage","@id":"https:\/\/legendes-de-nice.com\/index.php\/71-2\/","url":"https:\/\/legendes-de-nice.com\/index.php\/71-2\/","name":"-","isPartOf":{"@id":"https:\/\/legendes-de-nice.com\/#website"},"primaryImageOfPage":{"@id":"https:\/\/legendes-de-nice.com\/index.php\/71-2\/#primaryimage"},"image":{"@id":"https:\/\/legendes-de-nice.com\/index.php\/71-2\/#primaryimage"},"thumbnailUrl":"http:\/\/legendes-de-nice.com\/wp-content\/uploads\/2025\/08\/Sans-titre-2-01-scaled.png","datePublished":"2025-08-17T16:47:48+00:00","description":"L\u00e9gendes de Nice, Concours d'\u00e9l\u00e9gance automobile,","inLanguage":"fr-FR","potentialAction":[{"@type":"ReadAction","target":["https:\/\/legendes-de-nice.com\/index.php\/71-2\/"]}]},{"@type":"ImageObject","inLanguage":"fr-FR","@id":"https:\/\/legendes-de-nice.com\/index.php\/71-2\/#primaryimage","url":"https:\/\/legendes-de-nice.com\/wp-content\/uploads\/2025\/08\/Sans-titre-2-01-scaled.png","contentUrl":"https:\/\/legendes-de-nice.com\/wp-content\/uploads\/2025\/08\/Sans-titre-2-01-scaled.png","width":1811,"height":2560},{"@type":"WebSite","@id":"https:\/\/legendes-de-nice.com\/#website","url":"https:\/\/legendes-de-nice.com\/","name":"Legendes de Nice","description":"","publisher":{"@id":"https:\/\/legendes-de-nice.com\/#organization"},"potentialAction":[{"@type":"SearchAction","target":{"@type":"EntryPoint","urlTemplate":"https:\/\/legendes-de-nice.com\/?s={search_term_string}"},"query-input":{"@type":"PropertyValueSpecification","valueRequired":true,"valueName":"search_term_string"}}],"inLanguage":"fr-FR"},{"@type":"Organization","@id":"https:\/\/legendes-de-nice.com\/#organization","name":"Legendes de Nice","url":"https:\/\/legendes-de-nice.com\/","logo":{"@type":"ImageObject","inLanguage":"fr-FR","@id":"https:\/\/legendes-de-nice.com\/#\/schema\/logo\/image\/","url":"https:\/\/legendes-de-nice.com\/wp-content\/uploads\/2025\/08\/LEGENDES.png","contentUrl":"https:\/\/legendes-de-nice.com\/wp-content\/uploads\/2025\/08\/LEGENDES.png","width":743,"height":766,"caption":"Legendes de Nice"},"image":{"@id":"https:\/\/legendes-de-nice.com\/#\/schema\/logo\/image\/"},"sameAs":["https:\/\/www.instagram.com\/legendesdenice\/"]}]}},"_links":{"self":[{"href":"https:\/\/legendes-de-nice.com\/index.php\/wp-json\/wp\/v2\/pages\/71","targetHints":{"allow":["GET"]}}],"collection":[{"href":"https:\/\/legendes-de-nice.com\/index.php\/wp-json\/wp\/v2\/pages"}],"about":[{"href":"https:\/\/legendes-de-nice.com\/index.php\/wp-json\/wp\/v2\/types\/page"}],"author":[{"embeddable":true,"href":"https:\/\/legendes-de-nice.com\/index.php\/wp-json\/wp\/v2\/users\/1"}],"replies":[{"embeddable":true,"href":"https:\/\/legendes-de-nice.com\/index.php\/wp-json\/wp\/v2\/comments?post=71"}],"version-history":[{"count":1,"href":"https:\/\/legendes-de-nice.com\/index.php\/wp-json\/wp\/v2\/pages\/71\/revisions"}],"predecessor-version":[{"id":79,"href":"https:\/\/legendes-de-nice.com\/index.php\/wp-json\/wp\/v2\/pages\/71\/revisions\/79"}],"wp:attachment":[{"href":"https:\/\/legendes-de-nice.com\/index.php\/wp-json\/wp\/v2\/media?parent=71"}],"curies":[{"name":"wp","href":"https:\/\/api.w.org\/{rel}","templated":true}]}}